{"id":13,"date":"2024-02-06T00:36:29","date_gmt":"2024-02-06T00:36:29","guid":{"rendered":"https:\/\/ipatronas.com\/?page_id=13"},"modified":"2024-02-06T14:51:09","modified_gmt":"2024-02-06T14:51:09","slug":"nosotros","status":"publish","type":"page","link":"https:\/\/ipatronas.com\/index.php\/nosotros\/","title":{"rendered":"Nosotros"},"content":{"rendered":"\t\t<div data-elementor-type=\"wp-page\" data-elementor-id=\"13\" class=\"elementor elementor-13\">\n\t\t\t\t<div class=\"elementor-element elementor-element-354a0ae e-flex e-con-boxed e-con e-parent\" data-id=\"354a0ae\" data-element_type=\"container\" data-settings=\"{&quot;content_width&quot;:&quot;boxed&quot;}\" data-core-v316-plus=\"true\">\n\t\t\t\t\t<div class=\"e-con-inner\">\n\t\t\t\t<div class=\"elementor-element elementor-element-37d10b77 elementor-widget elementor-widget-text-editor\" data-id=\"37d10b77\" data-element_type=\"widget\" data-widget_type=\"text-editor.default\">\n\t\t\t\t<div class=\"elementor-widget-container\">\n\t\t\t<style>\/*! elementor - v3.19.0 - 05-02-2024 *\/\n.elementor-widget-text-editor.elementor-drop-cap-view-stacked .elementor-drop-cap{background-color:#69727d;color:#fff}.elementor-widget-text-editor.elementor-drop-cap-view-framed .elementor-drop-cap{color:#69727d;border:3px solid;background-color:transparent}.elementor-widget-text-editor:not(.elementor-drop-cap-view-default) .elementor-drop-cap{margin-top:8px}.elementor-widget-text-editor:not(.elementor-drop-cap-view-default) .elementor-drop-cap-letter{width:1em;height:1em}.elementor-widget-text-editor .elementor-drop-cap{float:left;text-align:center;line-height:1;font-size:50px}.elementor-widget-text-editor .elementor-drop-cap-letter{display:inline-block}<\/style>\t\t\t\t<!-- wp:paragraph -->\n<p><\/p>\n<!-- \/wp:paragraph -->\n\n<!-- wp:paragraph -->\n<p>iPatronas es una empresa innovadora y tecnol\u00f3gica, con sede en Monterrey, M\u00e9xico, especializada en la entrega de gasolina a domicilio para usuarios finales a trav\u00e9s de una aplicaci\u00f3n m\u00f3vil. Este servicio no solo ofrece comodidad al eliminar la necesidad de visitar estaciones de servicio, sino que tambi\u00e9n contribuye a la reducci\u00f3n de costos operativos para los usuarios. La app permite a los clientes pedir gasolina desde cualquier lugar dentro de Monterrey y su \u00e1rea metropolitana, facilitando el proceso tanto para particulares como para empresas.<\/p>\n<!-- \/wp:paragraph -->\n\n<!-- wp:paragraph -->\n<p>Una de las principales ventajas de iPatronas es su enfoque en la seguridad y eficiencia. Al ofrecer entrega directa a flotillas empresariales, ayuda a prevenir el robo de combustible, garantizando que los tanques de los veh\u00edculos de la empresa sean llenados de manera segura y eficiente. Este enfoque tambi\u00e9n contribuye a la reducci\u00f3n de la contaminaci\u00f3n ambiental, ya que disminuye la cantidad de viajes necesarios a las estaciones de servicio.<\/p>\n<!-- \/wp:paragraph -->\n\n<!-- wp:paragraph -->\n<p>iPatronas es una soluci\u00f3n ideal tanto para padres y madres ocupados como para empresarios que buscan optimizar el tiempo y los recursos. La aplicaci\u00f3n es f\u00e1cil de usar: los usuarios simplemente descargan la app, ordenan su servicio y pagan directamente a trav\u00e9s de ella. Adem\u00e1s, en situaciones de emergencia, como quedarse sin gasolina, iPatronas ofrece un servicio r\u00e1pido y eficiente, con la posibilidad de rastrear en tiempo real la ubicaci\u00f3n de los veh\u00edculos de entrega para saber exactamente cu\u00e1ndo llegar\u00e1n.<\/p>\n<!-- \/wp:paragraph -->\n\n<!-- wp:paragraph -->\n<p>Fundada por Edi Mexia, un emprendedor serial de Monterrey, iPatronas representa el esp\u00edritu joven y emprendedor de la regi\u00f3n, demostrando un fuerte compromiso con la innovaci\u00f3n, la tecnolog\u00eda y la satisfacci\u00f3n del cliente. Con iPatronas, los usuarios tienen una soluci\u00f3n pr\u00e1ctica y moderna para sus necesidades de combustible, tanto personales como empresariales.<\/p>\n<!-- \/wp:paragraph -->\t\t\t\t\t\t<\/div>\n\t\t\t\t<\/div>\n\t\t\t\t\t<\/div>\n\t\t\t\t<\/div>\n\t\t<div class=\"elementor-element elementor-element-5499973 e-flex e-con-boxed e-con e-parent\" data-id=\"5499973\" data-element_type=\"container\" data-settings=\"{&quot;content_width&quot;:&quot;boxed&quot;}\" data-core-v316-plus=\"true\">\n\t\t\t\t\t<div class=\"e-con-inner\">\n\t\t\t\t\t<\/div>\n\t\t\t\t<\/div>\n\t\t<div class=\"elementor-element elementor-element-23ff8fd e-flex e-con-boxed e-con e-parent\" data-id=\"23ff8fd\" data-element_type=\"container\" data-settings=\"{&quot;content_width&quot;:&quot;boxed&quot;}\" data-core-v316-plus=\"true\">\n\t\t\t\t\t<div class=\"e-con-inner\">\n\t\t\t\t<div class=\"elementor-element elementor-element-9e2e9e4 elementor-widget elementor-widget-text-editor\" data-id=\"9e2e9e4\" data-element_type=\"widget\" data-widget_type=\"text-editor.default\">\n\t\t\t\t<div class=\"elementor-widget-container\">\n\t\t\t\t\t\t\t<p>iPatronas is an innovative and technological company based in Monterrey, Mexico, specializing in home delivery of gasoline to end users through a mobile app. This service not only offers convenience by eliminating the need to visit gas stations, but also helps in reducing operational costs for users. The app allows customers to order gasoline from anywhere within Monterrey and its metropolitan area, making the process easy for both individuals and businesses.<\/p><p>A key advantage of iPatronas is its focus on safety and efficiency. By providing direct delivery to business fleets, it helps prevent fuel theft, ensuring that company vehicles&#8217; tanks are filled safely and efficiently. This approach also contributes to reducing environmental pollution, as it decreases the number of trips needed to gas stations.<\/p><p>iPatronas is an ideal solution for busy parents and businesspeople looking to optimize time and resources. The application is user-friendly: users simply download the app, place their order, and pay directly through it. Additionally, in emergency situations, such as running out of gas, iPatronas offers a fast and efficient service, with the ability to track the delivery vehicles in real-time to know exactly when they will arrive.<\/p><p>Founded by Edi Mexia, a serial entrepreneur from Monterrey, iPatronas embodies the region&#8217;s young and entrepreneurial spirit, demonstrating a strong commitment to innovation, technology, and customer satisfaction. With iPatronas, users have a practical and modern solution for their fuel needs, both personal and business-related.<\/p>\t\t\t\t\t\t<\/div>\n\t\t\t\t<\/div>\n\t\t\t\t\t<\/div>\n\t\t\t\t<\/div>\n\t\t\t\t<\/div>\n\t\t","protected":false},"excerpt":{"rendered":"<p>iPatronas es una empresa innovadora y tecnol\u00f3gica, con sede en Monterrey, M\u00e9xico, especializada en la entrega de gasolina a domicilio [&hellip;]<\/p>\n","protected":false},"author":1,"featured_media":0,"parent":0,"menu_order":0,"comment_status":"closed","ping_status":"closed","template":"","meta":{"site-sidebar-layout":"no-sidebar","site-content-layout":"","ast-site-content-layout":"full-width-container","site-content-style":"default","site-sidebar-style":"default","ast-global-header-display":"","ast-banner-title-visibility":"","ast-main-header-display":"","ast-hfb-above-header-display":"","ast-hfb-below-header-display":"","ast-hfb-mobile-header-display":"","site-post-title":"disabled","ast-breadcrumbs-content":"","ast-featured-img":"disabled","footer-sml-layout":"","theme-transparent-header-meta":"","adv-header-id-meta":"","stick-header-meta":"","header-above-stick-meta":"","header-main-stick-meta":"","header-below-stick-meta":"","astra-migrate-meta-layouts":"default","ast-page-background-enabled":"default","ast-page-background-meta":{"desktop":{"background-color":"var(--ast-global-color-4)","background-image":"","background-repeat":"repeat","background-position":"center center","background-size":"auto","background-attachment":"scroll","background-type":"","background-media":"","overlay-type":"","overlay-color":"","overlay-gradient":""},"tablet":{"background-color":"","background-image":"","background-repeat":"repeat","background-position":"center center","background-size":"auto","background-attachment":"scroll","background-type":"","background-media":"","overlay-type":"","overlay-color":"","overlay-gradient":""},"mobile":{"background-color":"","background-image":"","background-repeat":"repeat","background-position":"center center","background-size":"auto","background-attachment":"scroll","background-type":"","background-media":"","overlay-type":"","overlay-color":"","overlay-gradient":""}},"ast-content-background-meta":{"desktop":{"background-color":"var(--ast-global-color-5)","background-image":"","background-repeat":"repeat","background-position":"center center","background-size":"auto","background-attachment":"scroll","background-type":"","background-media":"","overlay-type":"","overlay-color":"","overlay-gradient":""},"tablet":{"background-color":"var(--ast-global-color-5)","background-image":"","background-repeat":"repeat","background-position":"center center","background-size":"auto","background-attachment":"scroll","background-type":"","background-media":"","overlay-type":"","overlay-color":"","overlay-gradient":""},"mobile":{"background-color":"var(--ast-global-color-5)","background-image":"","background-repeat":"repeat","background-position":"center center","background-size":"auto","background-attachment":"scroll","background-type":"","background-media":"","overlay-type":"","overlay-color":"","overlay-gradient":""}},"footnotes":""},"class_list":["post-13","page","type-page","status-publish","hentry"],"_links":{"self":[{"href":"https:\/\/ipatronas.com\/index.php\/wp-json\/wp\/v2\/pages\/13","targetHints":{"allow":["GET"]}}],"collection":[{"href":"https:\/\/ipatronas.com\/index.php\/wp-json\/wp\/v2\/pages"}],"about":[{"href":"https:\/\/ipatronas.com\/index.php\/wp-json\/wp\/v2\/types\/page"}],"author":[{"embeddable":true,"href":"https:\/\/ipatronas.com\/index.php\/wp-json\/wp\/v2\/users\/1"}],"replies":[{"embeddable":true,"href":"https:\/\/ipatronas.com\/index.php\/wp-json\/wp\/v2\/comments?post=13"}],"version-history":[{"count":7,"href":"https:\/\/ipatronas.com\/index.php\/wp-json\/wp\/v2\/pages\/13\/revisions"}],"predecessor-version":[{"id":94,"href":"https:\/\/ipatronas.com\/index.php\/wp-json\/wp\/v2\/pages\/13\/revisions\/94"}],"wp:attachment":[{"href":"https:\/\/ipatronas.com\/index.php\/wp-json\/wp\/v2\/media?parent=13"}],"curies":[{"name":"wp","href":"https:\/\/api.w.org\/{rel}","templated":true}]}}